{"id":672,"date":"2025-09-26T08:54:54","date_gmt":"2025-09-26T08:54:54","guid":{"rendered":"https:\/\/business-listing-page.com\/allgemeine-geschaeftsbedingungen\/"},"modified":"2026-03-10T11:21:55","modified_gmt":"2026-03-10T11:21:55","slug":"allgemeine-geschaeftsbedingungen","status":"publish","type":"page","link":"https:\/\/business-listing-page.com\/de\/allgemeine-geschaeftsbedingungen\/","title":{"rendered":"Allgemeine Gesch\u00e4ftsbedingungen"},"content":{"rendered":"<style>.kb-row-layout-id423_afd71b-29 > .kt-row-column-wrap{align-content:start;}:where(.kb-row-layout-id423_afd71b-29 > .kt-row-column-wrap) > .wp-block-kadence-column{justify-content:start;}.kb-row-layout-id423_afd71b-29 > .kt-row-column-wrap{column-gap:var(--global-kb-gap-md, 2rem);row-gap:var(--global-kb-gap-md, 2rem);max-width:var( --global-content-width, 1290px );padding-left:var(--global-content-edge-padding);padding-right:var(--global-content-edge-padding);padding-top:var(--global-kb-spacing-lg, 3rem);padding-bottom:var(--global-kb-spacing-lg, 3rem);grid-template-columns:minmax(0, 1fr);}.kb-row-layout-id423_afd71b-29 > .kt-row-layout-overlay{opacity:0.30;}@media all and (max-width: 1024px){.kb-row-layout-id423_afd71b-29 > .kt-row-column-wrap{grid-template-columns:minmax(0, 1fr);}}@media all and (max-width: 767px){.kb-row-layout-id423_afd71b-29 > .kt-row-column-wrap{grid-template-columns:minmax(0, 1fr);}}<\/style><div class=\"kb-row-layout-wrap kb-row-layout-id423_afd71b-29 alignnone wp-block-kadence-rowlayout\"><div class=\"kt-row-column-wrap kt-has-1-columns kt-row-layout-equal kt-tab-layout-inherit kt-mobile-layout-row kt-row-valign-top kb-theme-content-width\">\n<style>.kadence-column423_713880-1c > .kt-inside-inner-col,.kadence-column423_713880-1c > .kt-inside-inner-col:before{border-top-left-radius:0px;border-top-right-radius:0px;border-bottom-right-radius:0px;border-bottom-left-radius:0px;}.kadence-column423_713880-1c > .kt-inside-inner-col{column-gap:var(--global-kb-gap-sm, 1rem);}.kadence-column423_713880-1c > .kt-inside-inner-col{flex-direction:column;}.kadence-column423_713880-1c > .kt-inside-inner-col > .aligncenter{width:100%;}.kadence-column423_713880-1c > .kt-inside-inner-col:before{opacity:0.3;}.kadence-column423_713880-1c{position:relative;}@media all and (max-width: 1024px){.kadence-column423_713880-1c > .kt-inside-inner-col{flex-direction:column;justify-content:center;}}@media all and (max-width: 767px){.kadence-column423_713880-1c > .kt-inside-inner-col{flex-direction:column;justify-content:center;}}<\/style>\n<div class=\"wp-block-kadence-column kadence-column423_713880-1c\"><div class=\"kt-inside-inner-col\"><style>.wp-block-kadence-advancedheading.kt-adv-heading423_19f38e-0d, .wp-block-kadence-advancedheading.kt-adv-heading423_19f38e-0d[data-kb-block=\"kb-adv-heading423_19f38e-0d\"]{text-align:left;font-style:normal;}.wp-block-kadence-advancedheading.kt-adv-heading423_19f38e-0d mark.kt-highlight, .wp-block-kadence-advancedheading.kt-adv-heading423_19f38e-0d[data-kb-block=\"kb-adv-heading423_19f38e-0d\"] mark.kt-highlight{font-style:normal;color:#f76a0c;-webkit-box-decoration-break:clone;box-decoration-break:clone;padding-top:0px;padding-right:0px;padding-bottom:0px;padding-left:0px;}.wp-block-kadence-advancedheading.kt-adv-heading423_19f38e-0d img.kb-inline-image, .wp-block-kadence-advancedheading.kt-adv-heading423_19f38e-0d[data-kb-block=\"kb-adv-heading423_19f38e-0d\"] img.kb-inline-image{width:150px;vertical-align:baseline;}<\/style>\n<h1 class=\"kt-adv-heading423_19f38e-0d wp-block-kadence-advancedheading\" data-kb-block=\"kb-adv-heading423_19f38e-0d\">Allgemeine Gesch\u00e4ftsbedingungen<\/h1>\n\n\n<style>.wp-block-kadence-advancedheading.kt-adv-heading423_ab200d-cb, .wp-block-kadence-advancedheading.kt-adv-heading423_ab200d-cb[data-kb-block=\"kb-adv-heading423_ab200d-cb\"]{text-align:left;font-style:normal;}.wp-block-kadence-advancedheading.kt-adv-heading423_ab200d-cb mark.kt-highlight, .wp-block-kadence-advancedheading.kt-adv-heading423_ab200d-cb[data-kb-block=\"kb-adv-heading423_ab200d-cb\"] mark.kt-highlight{font-style:normal;color:#f76a0c;-webkit-box-decoration-break:clone;box-decoration-break:clone;padding-top:0px;padding-right:0px;padding-bottom:0px;padding-left:0px;}.wp-block-kadence-advancedheading.kt-adv-heading423_ab200d-cb img.kb-inline-image, .wp-block-kadence-advancedheading.kt-adv-heading423_ab200d-cb[data-kb-block=\"kb-adv-heading423_ab200d-cb\"] img.kb-inline-image{width:150px;vertical-align:baseline;}<\/style>\n<p class=\"kt-adv-heading423_ab200d-cb wp-block-kadence-advancedheading\" data-kb-block=\"kb-adv-heading423_ab200d-cb\">Willkommen bei <strong>Business Listings Page<\/strong>. Durch die Nutzung von <strong><a href=\"https:\/\/business-listing-page.com\/?utm_source=chatgpt.com\">https:\/\/business-listing-page.com\/<\/a><\/strong> stimmen Sie den folgenden Bedingungen zu:<br\/><br\/><strong>1. Nutzung der Website<\/strong><br\/>Sie k\u00f6nnen die Website nutzen, um nach Unternehmenseintr\u00e4gen zu suchen und diese anzuzeigen. Sie d\u00fcrfen sie nicht f\u00fcr illegale Zwecke oder zur Sch\u00e4digung anderer verwenden.<br\/><br\/><strong>2. Richtigkeit der Inhalte<\/strong><br\/>Wir bem\u00fchen uns, genaue Informationen bereitzustellen, garantieren jedoch nicht die Vollst\u00e4ndigkeit oder Richtigkeit von Eintr\u00e4gen oder Inhalten.<br\/><br\/><strong>3. Nutzerbeitr\u00e4ge<\/strong><br\/>Wenn Sie Informationen oder Bewertungen einreichen, behalten Sie das Eigentum daran, r\u00e4umen uns jedoch das Recht ein, diese auf der Website zu verwenden, zu teilen und anzuzeigen.<br\/><br\/><strong>4. Unzul\u00e4ssige Handlungen<\/strong><br\/>Reichen Sie keine falschen oder sch\u00e4dlichen Informationen ein, geben Sie sich nicht als andere aus und beeintr\u00e4chtigen Sie nicht den Betrieb der Website.<br\/><br\/><strong>5. Links zu Drittanbietern<\/strong><br\/>Wir sind nicht verantwortlich f\u00fcr Inhalte auf externen Websites, die von unserer Website verlinkt sind.<br\/><br\/><strong>6. Geistiges Eigentum<\/strong><br\/>Alle Inhalte, Logos und Designs auf dieser Website sind unser Eigentum oder werden mit Genehmigung verwendet. Kopieren oder verbreiten Sie diese nicht ohne Zustimmung.<br\/><br\/><strong>7. Haftungsausschl\u00fcsse<\/strong><br\/>Die Website wird \u201ewie besehen\u201c bereitgestellt. Wir sind nicht verantwortlich f\u00fcr Fehler oder Probleme, die durch die Nutzung der Website entstehen.<br\/><br\/><strong>8. Haftungsbeschr\u00e4nkung<\/strong><br\/>Wir haften nicht f\u00fcr Sch\u00e4den oder Verluste, die durch die Nutzung der Website entstehen.<br\/><strong>9. Schadloshaltung<\/strong><br\/>Sie verpflichten sich, alle Verluste oder Anspr\u00fcche zu \u00fcbernehmen, die sich aus Ihrer Nutzung der Website oder der Verletzung dieser Bedingungen ergeben.<br\/><br\/><strong>10. \u00c4nderungen der Bedingungen<\/strong><br\/>Wir k\u00f6nnen diese Bedingungen jederzeit aktualisieren. Aktualisierte Bedingungen treten mit ihrer Ver\u00f6ffentlichung in Kraft.<br\/><br\/><strong>11. Anwendbares Recht<\/strong><br\/>Diese Bedingungen unterliegen den Gesetzen des Landes, in dem die Website betrieben wird.<\/p>\n<\/div><\/div>\n\n<\/div><\/div>\n<p><\/p>\n","protected":false},"excerpt":{"rendered":"<p>Allgemeine Gesch\u00e4ftsbedingungen Willkommen bei Business Listings Page. Durch die Nutzung von https:\/\/business-listing-page.com\/ stimmen Sie den folgenden Bedingungen zu: 1. Nutzung der WebsiteSie k\u00f6nnen die Website nutzen, um nach Unternehmenseintr\u00e4gen zu suchen und diese anzuzeigen. Sie d\u00fcrfen sie nicht f\u00fcr illegale Zwecke oder zur Sch\u00e4digung anderer verwenden. 2. Richtigkeit der InhalteWir bem\u00fchen uns, genaue Informationen bereitzustellen,&#8230;<\/p>\n","protected":false},"author":1,"featured_media":0,"parent":0,"menu_order":0,"comment_status":"closed","ping_status":"closed","template":"","meta":{"page_custom_class":"","_kad_blocks_custom_css":"","_kad_blocks_head_custom_js":"","_kad_blocks_body_custom_js":"","_kad_blocks_footer_custom_js":"","_kad_post_transparent":"","_kad_post_title":"","_kad_post_layout":"","_kad_post_sidebar_id":"","_kad_post_content_style":"","_kad_post_vertical_padding":"","_kad_post_feature":"","_kad_post_feature_position":"","_kad_post_header":false,"_kad_post_footer":false,"footnotes":""},"class_list":["post-672","page","type-page","status-publish","hentry"],"taxonomy_info":[],"featured_image_src_large":false,"author_info":{"display_name":"wpm","author_link":"https:\/\/business-listing-page.com\/de\/author\/wpm\/"},"comment_info":0,"_links":{"self":[{"href":"https:\/\/business-listing-page.com\/de\/wp-json\/wp\/v2\/pages\/672","targetHints":{"allow":["GET"]}}],"collection":[{"href":"https:\/\/business-listing-page.com\/de\/wp-json\/wp\/v2\/pages"}],"about":[{"href":"https:\/\/business-listing-page.com\/de\/wp-json\/wp\/v2\/types\/page"}],"author":[{"embeddable":true,"href":"https:\/\/business-listing-page.com\/de\/wp-json\/wp\/v2\/users\/1"}],"replies":[{"embeddable":true,"href":"https:\/\/business-listing-page.com\/de\/wp-json\/wp\/v2\/comments?post=672"}],"version-history":[{"count":1,"href":"https:\/\/business-listing-page.com\/de\/wp-json\/wp\/v2\/pages\/672\/revisions"}],"predecessor-version":[{"id":673,"href":"https:\/\/business-listing-page.com\/de\/wp-json\/wp\/v2\/pages\/672\/revisions\/673"}],"wp:attachment":[{"href":"https:\/\/business-listing-page.com\/de\/wp-json\/wp\/v2\/media?parent=672"}],"curies":[{"name":"wp","href":"https:\/\/api.w.org\/{rel}","templated":true}]}}